{"id":2319,"date":"2024-01-22T11:04:45","date_gmt":"2024-01-22T03:04:45","guid":{"rendered":"https:\/\/showinhydro.com\/?page_id=2319"},"modified":"2024-01-22T11:19:38","modified_gmt":"2024-01-22T03:19:38","slug":"sfcd","status":"publish","type":"page","link":"https:\/\/showinhydro.com\/es\/sfcd\/","title":{"rendered":"Showin Cat\u00e1logo de accesorios Descargar"},"content":{"rendered":"<div data-elementor-type=\"wp-page\" data-elementor-id=\"2319\" class=\"elementor elementor-2319\" data-elementor-post-type=\"page\">\n\t\t\t\t\t\t<section class=\"elementor-section elementor-top-section elementor-element elementor-element-c947c3c elementor-section-boxed elementor-section-height-default elementor-section-height-default\" data-id=\"c947c3c\" data-element_type=\"section\" data-e-type=\"section\">\n\t\t\t\t\t\t<div class=\"elementor-container elementor-column-gap-default\">\n\t\t\t\t\t<div class=\"elementor-column elementor-col-100 elementor-top-column elementor-element elementor-element-da0d45f\" data-id=\"da0d45f\" data-element_type=\"column\" data-e-type=\"column\">\n\t\t\t<div class=\"elementor-widget-wrap elementor-element-populated\">\n\t\t\t\t\t\t<div class=\"elementor-element elementor-element-403a375 ekit-equal-height-disable elementor-widget elementor-widget-elementskit-icon-box\" data-id=\"403a375\" data-element_type=\"widget\" data-e-type=\"widget\" data-widget_type=\"elementskit-icon-box.default\">\n\t\t\t\t<div class=\"elementor-widget-container\">\n\t\t\t\t\t<div class=\"ekit-wid-con\" >        <!-- link opening -->\n                <a href=\"https:\/\/showinhydro.com\/wp-content\/uploads\/2024\/01\/Showin-Hydraulic-Fittings-Couplings-and-Ferrule-2013.pdf\" target=\"_blank\" class=\"ekit_global_links\">\n                <!-- end link opening -->\n\n        <div class=\"elementskit-infobox text-left text-left icon-lef-right-aligin elementor-animation- media\">\n                    <div class=\"elementskit-box-header elementor-animation-\">\n                <div class=\"elementskit-info-box-icon  text-center\">\n                    <svg aria-hidden=\"true\" class=\"elementkit-infobox-icon e-font-icon-svg e-fas-file-pdf\" viewbox=\"0 0 384 512\" xmlns=\"http:\/\/www.w3.org\/2000\/svg\"><path d=\"M181.9 256.1c-5-16-4.9-46.9-2-46.9 8.4 0 7.6 36.9 2 46.9zm-1.7 47.2c-7.7 20.2-17.3 43.3-28.4 62.7 18.3-7 39-17.2 62.9-21.9-12.7-9.6-24.9-23.4-34.5-40.8zM86.1 428.1c0 .8 13.2-5.4 34.9-40.2-6.7 6.3-29.1 24.5-34.9 40.2zM248 160h136v328c0 13.3-10.7 24-24 24H24c-13.3 0-24-10.7-24-24V24C0 10.7 10.7 0 24 0h200v136c0 13.2 10.8 24 24 24zm-8 171.8c-20-12.2-33.3-29-42.7-53.8 4.5-18.5 11.6-46.6 6.2-64.2-4.7-29.4-42.4-26.5-47.8-6.8-5 18.3-.4 44.1 8.1 77-11.6 27.6-28.7 64.6-40.8 85.8-.1 0-.1.1-.2.1-27.1 13.9-73.6 44.5-54.5 68 5.6 6.9 16 10 21.5 10 17.9 0 35.7-18 61.1-61.8 25.8-8.5 54.1-19.1 79-23.2 21.7 11.8 47.1 19.5 64 19.5 29.2 0 31.2-32 19.7-43.4-13.9-13.6-54.3-9.7-73.6-7.2zM377 105L279 7c-4.5-4.5-10.6-7-17-7h-6v128h128v-6.1c0-6.3-2.5-12.4-7-16.9zm-74.1 255.3c4.1-2.7-2.5-11.9-42.8-9 37.1 15.8 42.8 9 42.8 9z\"><\/path><\/svg>\n                <\/div>\n          <\/div>\n                        <div class=\"box-body\">\n                            <h3 class=\"elementskit-info-box-title\">\n                    Showin Racores hidr\u00e1ulicos, acoplamientos y casquillos - 2013                <\/h3>\n                                            <\/div>\n        \n        \n                    <div class=\"ekit-icon-box-badge ekit_position_top_right\">\n                <span class=\"ekit-badge\">NUEVO<\/span>\n            <\/div>\n                <\/div>\n                <\/a>\n        <\/div>\t\t\t\t<\/div>\n\t\t\t\t<\/div>\n\t\t\t\t\t<\/div>\n\t\t<\/div>\n\t\t\t\t\t<\/div>\n\t\t<\/section>\n\t\t\t\t<\/div>","protected":false},"excerpt":{"rendered":"<p>Showin Hydraulic Fittings, Couplings and Ferrule &#8211; 2013 NEW<\/p>","protected":false},"author":1,"featured_media":0,"parent":0,"menu_order":0,"comment_status":"closed","ping_status":"closed","template":"","meta":{"footnotes":""},"class_list":["post-2319","page","type-page","status-publish","hentry"],"yoast_head":"<!-- This site is optimized with the Yoast SEO Premium plugin v24.4 (Yoast SEO v27.4) - https:\/\/yoast.com\/product\/yoast-seo-premium-wordpress\/ -->\n<title>Showin Fittings Catalog Download - Xiuyuan Hydraulic Technology Co., Ltd<\/title>\n<meta name=\"robots\" content=\"index, follow, max-snippet:-1, max-image-preview:large, max-video-preview:-1\" \/>\n<link rel=\"canonical\" href=\"https:\/\/showinhydro.com\/es\/sfcd\/\" \/>\n<meta property=\"og:locale\" content=\"es_MX\" \/>\n<meta property=\"og:type\" content=\"article\" \/>\n<meta property=\"og:title\" content=\"Showin Fittings Catalog Download\" \/>\n<meta property=\"og:description\" content=\"Showin Hydraulic Fittings, Couplings and Ferrule &#8211; 2013 NEW\" \/>\n<meta property=\"og:url\" content=\"https:\/\/showinhydro.com\/es\/sfcd\/\" \/>\n<meta property=\"og:site_name\" content=\"Xiuyuan Hydraulic Technology Co., Ltd\" \/>\n<meta property=\"article:modified_time\" content=\"2024-01-22T03:19:38+00:00\" \/>\n<meta name=\"twitter:card\" content=\"summary_large_image\" \/>\n<script type=\"application\/ld+json\" class=\"yoast-schema-graph\">{\"@context\":\"https:\\\/\\\/schema.org\",\"@graph\":[{\"@type\":\"WebPage\",\"@id\":\"https:\\\/\\\/showinhydro.com\\\/sfcd\\\/\",\"url\":\"https:\\\/\\\/showinhydro.com\\\/sfcd\\\/\",\"name\":\"Showin Fittings Catalog Download - Xiuyuan Hydraulic Technology Co., Ltd\",\"isPartOf\":{\"@id\":\"https:\\\/\\\/showinhydro.com\\\/#website\"},\"datePublished\":\"2024-01-22T03:04:45+00:00\",\"dateModified\":\"2024-01-22T03:19:38+00:00\",\"breadcrumb\":{\"@id\":\"https:\\\/\\\/showinhydro.com\\\/sfcd\\\/#breadcrumb\"},\"inLanguage\":\"es\",\"potentialAction\":[{\"@type\":\"ReadAction\",\"target\":[\"https:\\\/\\\/showinhydro.com\\\/sfcd\\\/\"]}]},{\"@type\":\"BreadcrumbList\",\"@id\":\"https:\\\/\\\/showinhydro.com\\\/sfcd\\\/#breadcrumb\",\"itemListElement\":[{\"@type\":\"ListItem\",\"position\":1,\"name\":\"Home\",\"item\":\"https:\\\/\\\/showinhydro.com\\\/\"},{\"@type\":\"ListItem\",\"position\":2,\"name\":\"Showin Fittings Catalog Download\"}]},{\"@type\":\"WebSite\",\"@id\":\"https:\\\/\\\/showinhydro.com\\\/#website\",\"url\":\"https:\\\/\\\/showinhydro.com\\\/\",\"name\":\"Showin Hydraulics\",\"description\":\"China Leading Hydraulic Rubber Hoses Manufacturer\",\"publisher\":{\"@id\":\"https:\\\/\\\/showinhydro.com\\\/#organization\"},\"potentialAction\":[{\"@type\":\"SearchAction\",\"target\":{\"@type\":\"EntryPoint\",\"urlTemplate\":\"https:\\\/\\\/showinhydro.com\\\/?s={search_term_string}\"},\"query-input\":{\"@type\":\"PropertyValueSpecification\",\"valueRequired\":true,\"valueName\":\"search_term_string\"}}],\"inLanguage\":\"es\"},{\"@type\":\"Organization\",\"@id\":\"https:\\\/\\\/showinhydro.com\\\/#organization\",\"name\":\"Showin Hydraulic Technology Co., Ltd\",\"url\":\"https:\\\/\\\/showinhydro.com\\\/\",\"logo\":{\"@type\":\"ImageObject\",\"inLanguage\":\"es\",\"@id\":\"https:\\\/\\\/showinhydro.com\\\/#\\\/schema\\\/logo\\\/image\\\/\",\"url\":\"https:\\\/\\\/showinhydro.com\\\/wp-content\\\/uploads\\\/2023\\\/03\\\/New_Logo_2048_5121.png\",\"contentUrl\":\"https:\\\/\\\/showinhydro.com\\\/wp-content\\\/uploads\\\/2023\\\/03\\\/New_Logo_2048_5121.png\",\"width\":2560,\"height\":640,\"caption\":\"Showin Hydraulic Technology Co., Ltd\"},\"image\":{\"@id\":\"https:\\\/\\\/showinhydro.com\\\/#\\\/schema\\\/logo\\\/image\\\/\"}}]}<\/script>\n<!-- \/ Yoast SEO Premium plugin. -->","yoast_head_json":{"title":"Showin Accesorios Cat\u00e1logo Descargar - Xiuyuan Hydraulic Technology Co., Ltd","robots":{"index":"index","follow":"follow","max-snippet":"max-snippet:-1","max-image-preview":"max-image-preview:large","max-video-preview":"max-video-preview:-1"},"canonical":"https:\/\/showinhydro.com\/es\/sfcd\/","og_locale":"es_MX","og_type":"article","og_title":"Showin Fittings Catalog Download","og_description":"Showin Hydraulic Fittings, Couplings and Ferrule &#8211; 2013 NEW","og_url":"https:\/\/showinhydro.com\/es\/sfcd\/","og_site_name":"Xiuyuan Hydraulic Technology Co., Ltd","article_modified_time":"2024-01-22T03:19:38+00:00","twitter_card":"summary_large_image","schema":{"@context":"https:\/\/schema.org","@graph":[{"@type":"WebPage","@id":"https:\/\/showinhydro.com\/sfcd\/","url":"https:\/\/showinhydro.com\/sfcd\/","name":"Showin Accesorios Cat\u00e1logo Descargar - Xiuyuan Hydraulic Technology Co., Ltd","isPartOf":{"@id":"https:\/\/showinhydro.com\/#website"},"datePublished":"2024-01-22T03:04:45+00:00","dateModified":"2024-01-22T03:19:38+00:00","breadcrumb":{"@id":"https:\/\/showinhydro.com\/sfcd\/#breadcrumb"},"inLanguage":"es","potentialAction":[{"@type":"ReadAction","target":["https:\/\/showinhydro.com\/sfcd\/"]}]},{"@type":"BreadcrumbList","@id":"https:\/\/showinhydro.com\/sfcd\/#breadcrumb","itemListElement":[{"@type":"ListItem","position":1,"name":"Home","item":"https:\/\/showinhydro.com\/"},{"@type":"ListItem","position":2,"name":"Showin Fittings Catalog Download"}]},{"@type":"WebSite","@id":"https:\/\/showinhydro.com\/#website","url":"https:\/\/showinhydro.com\/","name":"Showin Hidr\u00e1ulica","description":"China Fabricante l\u00edder de mangueras de goma hidr\u00e1ulicas","publisher":{"@id":"https:\/\/showinhydro.com\/#organization"},"potentialAction":[{"@type":"SearchAction","target":{"@type":"EntryPoint","urlTemplate":"https:\/\/showinhydro.com\/?s={search_term_string}"},"query-input":{"@type":"PropertyValueSpecification","valueRequired":true,"valueName":"search_term_string"}}],"inLanguage":"es"},{"@type":"Organization","@id":"https:\/\/showinhydro.com\/#organization","name":"Showin Hydraulic Technology S.L.","url":"https:\/\/showinhydro.com\/","logo":{"@type":"ImageObject","inLanguage":"es","@id":"https:\/\/showinhydro.com\/#\/schema\/logo\/image\/","url":"https:\/\/showinhydro.com\/wp-content\/uploads\/2023\/03\/New_Logo_2048_5121.png","contentUrl":"https:\/\/showinhydro.com\/wp-content\/uploads\/2023\/03\/New_Logo_2048_5121.png","width":2560,"height":640,"caption":"Showin Hydraulic Technology Co., Ltd"},"image":{"@id":"https:\/\/showinhydro.com\/#\/schema\/logo\/image\/"}}]}},"_links":{"self":[{"href":"https:\/\/showinhydro.com\/es\/wp-json\/wp\/v2\/pages\/2319","targetHints":{"allow":["GET"]}}],"collection":[{"href":"https:\/\/showinhydro.com\/es\/wp-json\/wp\/v2\/pages"}],"about":[{"href":"https:\/\/showinhydro.com\/es\/wp-json\/wp\/v2\/types\/page"}],"author":[{"embeddable":true,"href":"https:\/\/showinhydro.com\/es\/wp-json\/wp\/v2\/users\/1"}],"replies":[{"embeddable":true,"href":"https:\/\/showinhydro.com\/es\/wp-json\/wp\/v2\/comments?post=2319"}],"version-history":[{"count":0,"href":"https:\/\/showinhydro.com\/es\/wp-json\/wp\/v2\/pages\/2319\/revisions"}],"wp:attachment":[{"href":"https:\/\/showinhydro.com\/es\/wp-json\/wp\/v2\/media?parent=2319"}],"curies":[{"name":"wp","href":"https:\/\/api.w.org\/{rel}","templated":true}]}}